{"id":56,"date":"2023-10-06T21:26:05","date_gmt":"2023-10-06T19:26:05","guid":{"rendered":"https:\/\/dmcsrbija.rs\/?page_id=56"},"modified":"2023-10-24T18:26:39","modified_gmt":"2023-10-24T16:26:39","slug":"o-nama","status":"publish","type":"page","link":"https:\/\/stf-trafo.com\/en\/o-nama\/","title":{"rendered":"About Us"},"content":{"rendered":"<div data-elementor-type=\"wp-page\" data-elementor-id=\"56\" class=\"elementor elementor-56\" data-elementor-settings=\"{&quot;element_pack_global_tooltip_width&quot;:{&quot;unit&quot;:&quot;px&quot;,&quot;size&quot;:&quot;&quot;,&quot;sizes&quot;:[]},&quot;element_pack_global_tooltip_width_tablet&quot;:{&quot;unit&quot;:&quot;px&quot;,&quot;size&quot;:&quot;&quot;,&quot;sizes&quot;:[]},&quot;element_pack_global_tooltip_width_mobile&quot;:{&quot;unit&quot;:&quot;px&quot;,&quot;size&quot;:&quot;&quot;,&quot;sizes&quot;:[]},&quot;element_pack_global_tooltip_padding&quot;:{&quot;unit&quot;:&quot;px&quot;,&quot;top&quot;:&quot;&quot;,&quot;right&quot;:&quot;&quot;,&quot;bottom&quot;:&quot;&quot;,&quot;left&quot;:&quot;&quot;,&quot;isLinked&quot;:true},&quot;element_pack_global_tooltip_padding_tablet&quot;:{&quot;unit&quot;:&quot;px&quot;,&quot;top&quot;:&quot;&quot;,&quot;right&quot;:&quot;&quot;,&quot;bottom&quot;:&quot;&quot;,&quot;left&quot;:&quot;&quot;,&quot;isLinked&quot;:true},&quot;element_pack_global_tooltip_padding_mobile&quot;:{&quot;unit&quot;:&quot;px&quot;,&quot;top&quot;:&quot;&quot;,&quot;right&quot;:&quot;&quot;,&quot;bottom&quot;:&quot;&quot;,&quot;left&quot;:&quot;&quot;,&quot;isLinked&quot;:true},&quot;element_pack_global_tooltip_border_radius&quot;:{&quot;unit&quot;:&quot;px&quot;,&quot;top&quot;:&quot;&quot;,&quot;right&quot;:&quot;&quot;,&quot;bottom&quot;:&quot;&quot;,&quot;left&quot;:&quot;&quot;,&quot;isLinked&quot;:true},&quot;element_pack_global_tooltip_border_radius_tablet&quot;:{&quot;unit&quot;:&quot;px&quot;,&quot;top&quot;:&quot;&quot;,&quot;right&quot;:&quot;&quot;,&quot;bottom&quot;:&quot;&quot;,&quot;left&quot;:&quot;&quot;,&quot;isLinked&quot;:true},&quot;element_pack_global_tooltip_border_radius_mobile&quot;:{&quot;unit&quot;:&quot;px&quot;,&quot;top&quot;:&quot;&quot;,&quot;right&quot;:&quot;&quot;,&quot;bottom&quot;:&quot;&quot;,&quot;left&quot;:&quot;&quot;,&quot;isLinked&quot;:true}}\" data-elementor-post-type=\"page\">\n\t\t\t\t<div class=\"elementor-element elementor-element-bb0629b e-flex e-con-boxed e-con e-parent\" data-id=\"bb0629b\" data-element_type=\"container\" data-e-type=\"container\">\n\t\t\t\t\t<div class=\"e-con-inner\">\n\t\t<div class=\"elementor-element elementor-element-62c69e8 e-flex e-con-boxed e-con e-child\" data-id=\"62c69e8\" data-element_type=\"container\" data-e-type=\"container\" data-settings=\"{&quot;background_background&quot;:&quot;classic&quot;}\">\n\t\t\t\t\t<div class=\"e-con-inner\">\n\t\t<div class=\"elementor-element elementor-element-aeae6c2 e-con-full e-flex e-con e-child\" data-id=\"aeae6c2\" data-element_type=\"container\" data-e-type=\"container\">\n\t\t\t\t<div class=\"elementor-element elementor-element-b9540e0 elementor-widget elementor-widget-heading\" data-id=\"b9540e0\" data-element_type=\"widget\" data-e-type=\"widget\" data-widget_type=\"heading.default\">\n\t\t\t\t\t<h1 class=\"elementor-heading-title elementor-size-default\">About Us<\/h1>\t\t\t\t<\/div>\n\t\t\t\t<div class=\"elementor-element elementor-element-f59a78b elementor-widget elementor-widget-text-editor\" data-id=\"f59a78b\" data-element_type=\"widget\" data-e-type=\"widget\" data-widget_type=\"text-editor.default\">\n\t\t\t\t\t\t\t\t\t<p>During the last 15 years Stevanovi\u0107 trafo grew up from garage workshop to well based company for manufacturing of transformers, coils and other wound components. More than 30 years of experience in field of electronics we transfer into good industrial design and passion in fulfilling specific customer demands.<\/p><p>Our Sales Engineers and Design Engineers will be happy to assist you in adjusting power applications to your device needs.<\/p><h2>Standard products<\/h2><p>We can offer wide range of standard products that will cover most of the needs. We can offer variety range of EI transformer:<\/p><p>1VA-30VA dry type transformers for PCB montage<br \/>0,5VA-40VA encapsulated transformer for PCB montage<br \/>30VA-1000VA control transformers with terminal blocks<br \/>100VA-4000VA isolation transformers<br \/>30VA-200VA control transformers with terminal blocks for DIN rail<br \/>100VA-300VA encased transformer for DIN rail<br \/>Mono-phase transformers UI type:<\/p><p>3VA-25VA encapsulated transformers for PCB montage (low height)<br \/>100VA-20kVA isolation transformer<br \/>Three-phase transformers 3UI type:<\/p><p>100VA-30kVA isolation transformers<br \/>Mono and three-phase transformers for supplying medical devices<\/p><h2>Custom design products<\/h2><p>Despite variety of standard products we are offering to a market, the majority of Stf-trafo products are custom designed. Every day couple of new designs are requested from our R&amp;D department. The product range covers from small 5x5mm transformers winded with 0,016mm wire to 40kVA three phase transfomers.We also produce output and adapter audio transformers for 100V line and tube amplifiers.<\/p>\t\t\t\t\t\t\t\t<\/div>\n\t\t\t\t<\/div>\n\t\t<div class=\"elementor-element elementor-element-de89a60 e-con-full e-flex e-con e-child\" data-id=\"de89a60\" data-element_type=\"container\" data-e-type=\"container\">\n\t\t\t\t<div class=\"elementor-element elementor-element-50971db elementor-widget elementor-widget-image\" data-id=\"50971db\" data-element_type=\"widget\" data-e-type=\"widget\" data-widget_type=\"image.default\">\n\t\t\t\t\t\t\t\t\t\t\t\t\t\t\t<img fetchpriority=\"high\" decoding=\"async\" width=\"500\" height=\"500\" src=\"https:\/\/stf-trafo.com\/wp-content\/uploads\/2023\/10\/Transformer_-_Model_EU1.jpg\" class=\"attachment-large size-large wp-image-169\" alt=\"\" srcset=\"https:\/\/stf-trafo.com\/wp-content\/uploads\/2023\/10\/Transformer_-_Model_EU1.jpg 500w, https:\/\/stf-trafo.com\/wp-content\/uploads\/2023\/10\/Transformer_-_Model_EU1-300x300.jpg 300w, https:\/\/stf-trafo.com\/wp-content\/uploads\/2023\/10\/Transformer_-_Model_EU1-100x100.jpg 100w, https:\/\/stf-trafo.com\/wp-content\/uploads\/2023\/10\/Transformer_-_Model_EU1-150x150.jpg 150w\" sizes=\"(max-width: 500px) 100vw, 500px\" \/>\t\t\t\t\t\t\t\t\t\t\t\t\t\t\t<\/div>\n\t\t\t\t<div class=\"elementor-element elementor-element-6b31da4 elementor-widget elementor-widget-image\" data-id=\"6b31da4\" data-element_type=\"widget\" data-e-type=\"widget\" data-widget_type=\"image.default\">\n\t\t\t\t\t\t\t\t\t\t\t\t\t\t\t<img decoding=\"async\" width=\"680\" height=\"611\" src=\"https:\/\/stf-trafo.com\/wp-content\/uploads\/2023\/10\/Inkapsulirani_transformator_sa_topljivim_osigura_em1.jpg\" class=\"attachment-large size-large wp-image-170\" alt=\"\" srcset=\"https:\/\/stf-trafo.com\/wp-content\/uploads\/2023\/10\/Inkapsulirani_transformator_sa_topljivim_osigura_em1.jpg 680w, https:\/\/stf-trafo.com\/wp-content\/uploads\/2023\/10\/Inkapsulirani_transformator_sa_topljivim_osigura_em1-600x539.jpg 600w, https:\/\/stf-trafo.com\/wp-content\/uploads\/2023\/10\/Inkapsulirani_transformator_sa_topljivim_osigura_em1-300x270.jpg 300w\" sizes=\"(max-width: 680px) 100vw, 680px\" \/>\t\t\t\t\t\t\t\t\t\t\t\t\t\t\t<\/div>\n\t\t\t\t<div class=\"elementor-element elementor-element-ba3d58a elementor-widget elementor-widget-image\" data-id=\"ba3d58a\" data-element_type=\"widget\" data-e-type=\"widget\" data-widget_type=\"image.default\">\n\t\t\t\t\t\t\t\t\t\t\t\t\t\t\t<img decoding=\"async\" width=\"600\" height=\"600\" src=\"https:\/\/stf-trafo.com\/wp-content\/uploads\/2023\/10\/2.CK4_.E08441.2171.jpg\" class=\"attachment-large size-large wp-image-171\" alt=\"\" srcset=\"https:\/\/stf-trafo.com\/wp-content\/uploads\/2023\/10\/2.CK4_.E08441.2171.jpg 600w, https:\/\/stf-trafo.com\/wp-content\/uploads\/2023\/10\/2.CK4_.E08441.2171-300x300.jpg 300w, https:\/\/stf-trafo.com\/wp-content\/uploads\/2023\/10\/2.CK4_.E08441.2171-100x100.jpg 100w, https:\/\/stf-trafo.com\/wp-content\/uploads\/2023\/10\/2.CK4_.E08441.2171-150x150.jpg 150w\" sizes=\"(max-width: 600px) 100vw, 600px\" \/>\t\t\t\t\t\t\t\t\t\t\t\t\t\t\t<\/div>\n\t\t\t\t<\/div>\n\t\t\t\t\t<\/div>\n\t\t\t\t<\/div>\n\t\t\t\t\t<\/div>\n\t\t\t\t<\/div>\n\t\t\t\t<\/div>","protected":false},"excerpt":{"rendered":"<p>Za poslednjih 15 godina Stevanovi\u0107 trafo je od radionice u gara\u017ei narastao na dobro strukturisanu firmu za proizvodnju transformatora, \u0161pulni i ostalih motanih komponenti. Vi\u0161e od 30 godina iskustva iz oblasti elektronike mi smo preto\u010dili u siguran industrijski dizajn i \u017eelju za uspe\u0161no ispunjavanje specifi\u010dnih zahteva na\u0161ih klijenata. Na\u0161i in\u017eenjeri i tehni\u010dari \u0107e biti sre\u0107ni [&hellip;]<\/p>","protected":false},"author":1,"featured_media":0,"parent":0,"menu_order":0,"comment_status":"closed","ping_status":"closed","template":"","meta":{"_acf_changed":false,"footnotes":""},"class_list":["post-56","page","type-page","status-publish","hentry"],"acf":[],"_links":{"self":[{"href":"https:\/\/stf-trafo.com\/en\/wp-json\/wp\/v2\/pages\/56","targetHints":{"allow":["GET"]}}],"collection":[{"href":"https:\/\/stf-trafo.com\/en\/wp-json\/wp\/v2\/pages"}],"about":[{"href":"https:\/\/stf-trafo.com\/en\/wp-json\/wp\/v2\/types\/page"}],"author":[{"embeddable":true,"href":"https:\/\/stf-trafo.com\/en\/wp-json\/wp\/v2\/users\/1"}],"replies":[{"embeddable":true,"href":"https:\/\/stf-trafo.com\/en\/wp-json\/wp\/v2\/comments?post=56"}],"version-history":[{"count":28,"href":"https:\/\/stf-trafo.com\/en\/wp-json\/wp\/v2\/pages\/56\/revisions"}],"predecessor-version":[{"id":1383,"href":"https:\/\/stf-trafo.com\/en\/wp-json\/wp\/v2\/pages\/56\/revisions\/1383"}],"wp:attachment":[{"href":"https:\/\/stf-trafo.com\/en\/wp-json\/wp\/v2\/media?parent=56"}],"curies":[{"name":"wp","href":"https:\/\/api.w.org\/{rel}","templated":true}]}}