{"id":346,"date":"2023-10-11T09:27:25","date_gmt":"2023-10-11T07:27:25","guid":{"rendered":"https:\/\/dmcsrbija.rs\/?page_id=346"},"modified":"2023-10-24T18:41:30","modified_gmt":"2023-10-24T16:41:30","slug":"promena-podataka-i-pravne-forme","status":"publish","type":"page","link":"https:\/\/stf-trafo.com\/en\/promena-podataka-i-pravne-forme\/","title":{"rendered":"Change of data and legal form"},"content":{"rendered":"<div data-elementor-type=\"wp-page\" data-elementor-id=\"346\" class=\"elementor elementor-346\" data-elementor-settings=\"{&quot;element_pack_global_tooltip_width&quot;:{&quot;unit&quot;:&quot;px&quot;,&quot;size&quot;:&quot;&quot;,&quot;sizes&quot;:[]},&quot;element_pack_global_tooltip_width_tablet&quot;:{&quot;unit&quot;:&quot;px&quot;,&quot;size&quot;:&quot;&quot;,&quot;sizes&quot;:[]},&quot;element_pack_global_tooltip_width_mobile&quot;:{&quot;unit&quot;:&quot;px&quot;,&quot;size&quot;:&quot;&quot;,&quot;sizes&quot;:[]},&quot;element_pack_global_tooltip_padding&quot;:{&quot;unit&quot;:&quot;px&quot;,&quot;top&quot;:&quot;&quot;,&quot;right&quot;:&quot;&quot;,&quot;bottom&quot;:&quot;&quot;,&quot;left&quot;:&quot;&quot;,&quot;isLinked&quot;:true},&quot;element_pack_global_tooltip_padding_tablet&quot;:{&quot;unit&quot;:&quot;px&quot;,&quot;top&quot;:&quot;&quot;,&quot;right&quot;:&quot;&quot;,&quot;bottom&quot;:&quot;&quot;,&quot;left&quot;:&quot;&quot;,&quot;isLinked&quot;:true},&quot;element_pack_global_tooltip_padding_mobile&quot;:{&quot;unit&quot;:&quot;px&quot;,&quot;top&quot;:&quot;&quot;,&quot;right&quot;:&quot;&quot;,&quot;bottom&quot;:&quot;&quot;,&quot;left&quot;:&quot;&quot;,&quot;isLinked&quot;:true},&quot;element_pack_global_tooltip_border_radius&quot;:{&quot;unit&quot;:&quot;px&quot;,&quot;top&quot;:&quot;&quot;,&quot;right&quot;:&quot;&quot;,&quot;bottom&quot;:&quot;&quot;,&quot;left&quot;:&quot;&quot;,&quot;isLinked&quot;:true},&quot;element_pack_global_tooltip_border_radius_tablet&quot;:{&quot;unit&quot;:&quot;px&quot;,&quot;top&quot;:&quot;&quot;,&quot;right&quot;:&quot;&quot;,&quot;bottom&quot;:&quot;&quot;,&quot;left&quot;:&quot;&quot;,&quot;isLinked&quot;:true},&quot;element_pack_global_tooltip_border_radius_mobile&quot;:{&quot;unit&quot;:&quot;px&quot;,&quot;top&quot;:&quot;&quot;,&quot;right&quot;:&quot;&quot;,&quot;bottom&quot;:&quot;&quot;,&quot;left&quot;:&quot;&quot;,&quot;isLinked&quot;:true}}\" data-elementor-post-type=\"page\">\n\t\t\t\t<div class=\"elementor-element elementor-element-9a158dc e-flex e-con-boxed e-con e-parent\" data-id=\"9a158dc\" data-element_type=\"container\" data-e-type=\"container\">\n\t\t\t\t\t<div class=\"e-con-inner\">\n\t\t<div class=\"elementor-element elementor-element-6e0c75c e-con-full e-flex e-con e-child\" data-id=\"6e0c75c\" data-element_type=\"container\" data-e-type=\"container\" data-settings=\"{&quot;background_background&quot;:&quot;classic&quot;}\">\n\t\t<div class=\"elementor-element elementor-element-25940da e-con-full e-flex e-con e-child\" data-id=\"25940da\" data-element_type=\"container\" data-e-type=\"container\">\n\t\t\t\t<div class=\"elementor-element elementor-element-6df3d78 elementor-nav-menu__align-start elementor-nav-menu--dropdown-none elementor-hidden-mobile elementor-widget elementor-widget-global elementor-global-1046 elementor-widget-nav-menu\" data-id=\"6df3d78\" data-element_type=\"widget\" data-e-type=\"widget\" data-settings=\"{&quot;layout&quot;:&quot;vertical&quot;,&quot;submenu_icon&quot;:{&quot;value&quot;:&quot;fas fa-caret-down&quot;,&quot;library&quot;:&quot;fa-solid&quot;}}\" data-widget_type=\"nav-menu.default\">\n\t\t\t\t\t\t\t\t<nav aria-label=\"Menu\" class=\"elementor-nav-menu--main elementor-nav-menu__container elementor-nav-menu--layout-vertical e--pointer-background e--animation-fade\">\n\t\t\t\t<ul id=\"menu-1-6df3d78\" class=\"elementor-nav-menu sm-vertical\"><li class=\"menu-item menu-item-type-post_type menu-item-object-page menu-item-1036\"><a href=\"https:\/\/stf-trafo.com\/en\/kako-do-nas\/\" class=\"elementor-item\">How to find us<\/a><\/li>\n<li class=\"menu-item menu-item-type-post_type menu-item-object-page menu-item-1034\"><a href=\"https:\/\/stf-trafo.com\/en\/elektricni-zvrk\/\" class=\"elementor-item\">ESP - Electric Spur - Beekeeping tool<\/a><\/li>\n<li class=\"menu-item menu-item-type-post_type menu-item-object-page menu-item-1035\"><a href=\"https:\/\/stf-trafo.com\/en\/transformatori-za-din-sinu\/\" class=\"elementor-item\">DIN rail transformers<\/a><\/li>\n<li class=\"menu-item menu-item-type-post_type menu-item-object-page menu-item-1390\"><a href=\"https:\/\/stf-trafo.com\/en\/promena-podataka-i-pravne-forme\/\" class=\"elementor-item\">Change of data and legal form<\/a><\/li>\n<\/ul>\t\t\t<\/nav>\n\t\t\t\t\t\t<nav class=\"elementor-nav-menu--dropdown elementor-nav-menu__container\" aria-hidden=\"true\">\n\t\t\t\t<ul id=\"menu-2-6df3d78\" class=\"elementor-nav-menu sm-vertical\"><li class=\"menu-item menu-item-type-post_type menu-item-object-page menu-item-1036\"><a href=\"https:\/\/stf-trafo.com\/en\/kako-do-nas\/\" class=\"elementor-item\" tabindex=\"-1\">How to find us<\/a><\/li>\n<li class=\"menu-item menu-item-type-post_type menu-item-object-page menu-item-1034\"><a href=\"https:\/\/stf-trafo.com\/en\/elektricni-zvrk\/\" class=\"elementor-item\" tabindex=\"-1\">ESP - Electric Spur - Beekeeping tool<\/a><\/li>\n<li class=\"menu-item menu-item-type-post_type menu-item-object-page menu-item-1035\"><a href=\"https:\/\/stf-trafo.com\/en\/transformatori-za-din-sinu\/\" class=\"elementor-item\" tabindex=\"-1\">DIN rail transformers<\/a><\/li>\n<li class=\"menu-item menu-item-type-post_type menu-item-object-page menu-item-1390\"><a href=\"https:\/\/stf-trafo.com\/en\/promena-podataka-i-pravne-forme\/\" class=\"elementor-item\" tabindex=\"-1\">Change of data and legal form<\/a><\/li>\n<\/ul>\t\t\t<\/nav>\n\t\t\t\t\t\t<\/div>\n\t\t\t\t<\/div>\n\t\t<div class=\"elementor-element elementor-element-4c0c3a2 e-con-full e-flex e-con e-child\" data-id=\"4c0c3a2\" data-element_type=\"container\" data-e-type=\"container\">\n\t\t\t\t<div class=\"elementor-element elementor-element-6e1d76d elementor-widget elementor-widget-heading\" data-id=\"6e1d76d\" data-element_type=\"widget\" data-e-type=\"widget\" data-widget_type=\"heading.default\">\n\t\t\t\t\t<h1 class=\"elementor-heading-title elementor-size-default\">Change of data and legal form\n<\/h1>\t\t\t\t<\/div>\n\t\t\t\t<div class=\"elementor-element elementor-element-3d53ca0 elementor-widget elementor-widget-image\" data-id=\"3d53ca0\" data-element_type=\"widget\" data-e-type=\"widget\" data-widget_type=\"image.default\">\n\t\t\t\t\t\t\t\t\t\t\t\t\t\t\t<img fetchpriority=\"high\" decoding=\"async\" width=\"276\" height=\"183\" src=\"https:\/\/stf-trafo.com\/wp-content\/uploads\/2023\/10\/administracija1.jpg\" class=\"attachment-large size-large wp-image-348\" alt=\"\" srcset=\"https:\/\/stf-trafo.com\/wp-content\/uploads\/2023\/10\/administracija1.jpg 276w, https:\/\/stf-trafo.com\/wp-content\/uploads\/2023\/10\/administracija1-18x12.jpg 18w\" sizes=\"(max-width: 276px) 100vw, 276px\" \/>\t\t\t\t\t\t\t\t\t\t\t\t\t\t\t<\/div>\n\t\t\t\t<div class=\"elementor-element elementor-element-7573f75 elementor-widget elementor-widget-text-editor\" data-id=\"7573f75\" data-element_type=\"widget\" data-e-type=\"widget\" data-widget_type=\"text-editor.default\">\n\t\t\t\t\t\t\t\t\t<p>Od 13.12.2013. godine radnja &#8222;Stevanovi\u0107 trafo&#8220; je promenila pravnu formu u dru\u0161tvo sa ograni\u010denom odgovorno\u0161\u0107u ili d.o.o. U skladu sa ovim novo poslovno ime firme je &#8222;Stevanovi\u0107 trafo d.o.o. Ni\u0161&#8220;. Podatke za identifikaciju mo\u017eete preuzeti na stranici\u00a0PREUZIMANJE. Stari \u017eiro ra\u010duni vi\u0161e nisu aktivni, tako da \u0107ete budu\u0107e uplate vr\u0161iti na nove ra\u010dune date u dokumentu\u00a0Podaci za identifikaciju.<\/p><p>Hvala na razumevanju.<\/p><p>Tim &#8211; Stf<\/p>\t\t\t\t\t\t\t\t<\/div>\n\t\t\t\t<\/div>\n\t\t\t\t<\/div>\n\t\t\t\t\t<\/div>\n\t\t\t\t<\/div>\n\t\t\t\t<\/div>","protected":false},"excerpt":{"rendered":"<p>Promena podataka i pravne forme Od 13.12.2013. godine radnja &#8222;Stevanovi\u0107 trafo&#8220; je promenila pravnu formu u dru\u0161tvo sa ograni\u010denom odgovorno\u0161\u0107u ili d.o.o. U skladu sa ovim novo poslovno ime firme je &#8222;Stevanovi\u0107 trafo d.o.o. Ni\u0161&#8220;. Podatke za identifikaciju mo\u017eete preuzeti na stranici\u00a0PREUZIMANJE. Stari \u017eiro ra\u010duni vi\u0161e nisu aktivni, tako da \u0107ete budu\u0107e uplate vr\u0161iti na [&hellip;]<\/p>","protected":false},"author":1,"featured_media":0,"parent":0,"menu_order":0,"comment_status":"closed","ping_status":"closed","template":"","meta":{"_acf_changed":false,"footnotes":""},"class_list":["post-346","page","type-page","status-publish","hentry"],"acf":[],"_links":{"self":[{"href":"https:\/\/stf-trafo.com\/en\/wp-json\/wp\/v2\/pages\/346","targetHints":{"allow":["GET"]}}],"collection":[{"href":"https:\/\/stf-trafo.com\/en\/wp-json\/wp\/v2\/pages"}],"about":[{"href":"https:\/\/stf-trafo.com\/en\/wp-json\/wp\/v2\/types\/page"}],"author":[{"embeddable":true,"href":"https:\/\/stf-trafo.com\/en\/wp-json\/wp\/v2\/users\/1"}],"replies":[{"embeddable":true,"href":"https:\/\/stf-trafo.com\/en\/wp-json\/wp\/v2\/comments?post=346"}],"version-history":[{"count":7,"href":"https:\/\/stf-trafo.com\/en\/wp-json\/wp\/v2\/pages\/346\/revisions"}],"predecessor-version":[{"id":1389,"href":"https:\/\/stf-trafo.com\/en\/wp-json\/wp\/v2\/pages\/346\/revisions\/1389"}],"wp:attachment":[{"href":"https:\/\/stf-trafo.com\/en\/wp-json\/wp\/v2\/media?parent=346"}],"curies":[{"name":"wp","href":"https:\/\/api.w.org\/{rel}","templated":true}]}}