{"id":339,"date":"2023-10-11T09:24:44","date_gmt":"2023-10-11T07:24:44","guid":{"rendered":"https:\/\/dmcsrbija.rs\/?page_id=339"},"modified":"2023-10-24T18:43:11","modified_gmt":"2023-10-24T16:43:11","slug":"elektricni-zvrk","status":"publish","type":"page","link":"https:\/\/stf-trafo.com\/en\/elektricni-zvrk\/","title":{"rendered":"ESP - Electric Spur - Beekeeping tool"},"content":{"rendered":"<div data-elementor-type=\"wp-page\" data-elementor-id=\"339\" class=\"elementor elementor-339\" data-elementor-settings=\"{&quot;element_pack_global_tooltip_width&quot;:{&quot;unit&quot;:&quot;px&quot;,&quot;size&quot;:&quot;&quot;,&quot;sizes&quot;:[]},&quot;element_pack_global_tooltip_width_tablet&quot;:{&quot;unit&quot;:&quot;px&quot;,&quot;size&quot;:&quot;&quot;,&quot;sizes&quot;:[]},&quot;element_pack_global_tooltip_width_mobile&quot;:{&quot;unit&quot;:&quot;px&quot;,&quot;size&quot;:&quot;&quot;,&quot;sizes&quot;:[]},&quot;element_pack_global_tooltip_padding&quot;:{&quot;unit&quot;:&quot;px&quot;,&quot;top&quot;:&quot;&quot;,&quot;right&quot;:&quot;&quot;,&quot;bottom&quot;:&quot;&quot;,&quot;left&quot;:&quot;&quot;,&quot;isLinked&quot;:true},&quot;element_pack_global_tooltip_padding_tablet&quot;:{&quot;unit&quot;:&quot;px&quot;,&quot;top&quot;:&quot;&quot;,&quot;right&quot;:&quot;&quot;,&quot;bottom&quot;:&quot;&quot;,&quot;left&quot;:&quot;&quot;,&quot;isLinked&quot;:true},&quot;element_pack_global_tooltip_padding_mobile&quot;:{&quot;unit&quot;:&quot;px&quot;,&quot;top&quot;:&quot;&quot;,&quot;right&quot;:&quot;&quot;,&quot;bottom&quot;:&quot;&quot;,&quot;left&quot;:&quot;&quot;,&quot;isLinked&quot;:true},&quot;element_pack_global_tooltip_border_radius&quot;:{&quot;unit&quot;:&quot;px&quot;,&quot;top&quot;:&quot;&quot;,&quot;right&quot;:&quot;&quot;,&quot;bottom&quot;:&quot;&quot;,&quot;left&quot;:&quot;&quot;,&quot;isLinked&quot;:true},&quot;element_pack_global_tooltip_border_radius_tablet&quot;:{&quot;unit&quot;:&quot;px&quot;,&quot;top&quot;:&quot;&quot;,&quot;right&quot;:&quot;&quot;,&quot;bottom&quot;:&quot;&quot;,&quot;left&quot;:&quot;&quot;,&quot;isLinked&quot;:true},&quot;element_pack_global_tooltip_border_radius_mobile&quot;:{&quot;unit&quot;:&quot;px&quot;,&quot;top&quot;:&quot;&quot;,&quot;right&quot;:&quot;&quot;,&quot;bottom&quot;:&quot;&quot;,&quot;left&quot;:&quot;&quot;,&quot;isLinked&quot;:true}}\" data-elementor-post-type=\"page\">\n\t\t\t\t<div class=\"elementor-element elementor-element-c527d08 e-flex e-con-boxed e-con e-parent\" data-id=\"c527d08\" data-element_type=\"container\" data-e-type=\"container\">\n\t\t\t\t\t<div class=\"e-con-inner\">\n\t\t<div class=\"elementor-element elementor-element-5f4e936 e-con-full e-flex e-con e-child\" data-id=\"5f4e936\" data-element_type=\"container\" data-e-type=\"container\" data-settings=\"{&quot;background_background&quot;:&quot;classic&quot;}\">\n\t\t<div class=\"elementor-element elementor-element-9092721 e-con-full e-flex e-con e-child\" data-id=\"9092721\" data-element_type=\"container\" data-e-type=\"container\">\n\t\t\t\t<div class=\"elementor-element elementor-element-d6bfd89 elementor-nav-menu__align-start elementor-nav-menu--dropdown-none elementor-hidden-mobile elementor-widget elementor-widget-global elementor-global-1046 elementor-widget-nav-menu\" data-id=\"d6bfd89\" data-element_type=\"widget\" data-e-type=\"widget\" data-settings=\"{&quot;layout&quot;:&quot;vertical&quot;,&quot;submenu_icon&quot;:{&quot;value&quot;:&quot;fas fa-caret-down&quot;,&quot;library&quot;:&quot;fa-solid&quot;}}\" data-widget_type=\"nav-menu.default\">\n\t\t\t\t\t\t\t\t<nav aria-label=\"Menu\" class=\"elementor-nav-menu--main elementor-nav-menu__container elementor-nav-menu--layout-vertical e--pointer-background e--animation-fade\">\n\t\t\t\t<ul id=\"menu-1-d6bfd89\" class=\"elementor-nav-menu sm-vertical\"><li class=\"menu-item menu-item-type-post_type menu-item-object-page menu-item-1036\"><a href=\"https:\/\/stf-trafo.com\/en\/kako-do-nas\/\" class=\"elementor-item\">How to find us<\/a><\/li>\n<li class=\"menu-item menu-item-type-post_type menu-item-object-page menu-item-1034\"><a href=\"https:\/\/stf-trafo.com\/en\/elektricni-zvrk\/\" class=\"elementor-item\">ESP - Electric Spur - Beekeeping tool<\/a><\/li>\n<li class=\"menu-item menu-item-type-post_type menu-item-object-page menu-item-1035\"><a href=\"https:\/\/stf-trafo.com\/en\/transformatori-za-din-sinu\/\" class=\"elementor-item\">DIN rail transformers<\/a><\/li>\n<li class=\"menu-item menu-item-type-post_type menu-item-object-page menu-item-1390\"><a href=\"https:\/\/stf-trafo.com\/en\/promena-podataka-i-pravne-forme\/\" class=\"elementor-item\">Change of data and legal form<\/a><\/li>\n<\/ul>\t\t\t<\/nav>\n\t\t\t\t\t\t<nav class=\"elementor-nav-menu--dropdown elementor-nav-menu__container\" aria-hidden=\"true\">\n\t\t\t\t<ul id=\"menu-2-d6bfd89\" class=\"elementor-nav-menu sm-vertical\"><li class=\"menu-item menu-item-type-post_type menu-item-object-page menu-item-1036\"><a href=\"https:\/\/stf-trafo.com\/en\/kako-do-nas\/\" class=\"elementor-item\" tabindex=\"-1\">How to find us<\/a><\/li>\n<li class=\"menu-item menu-item-type-post_type menu-item-object-page menu-item-1034\"><a href=\"https:\/\/stf-trafo.com\/en\/elektricni-zvrk\/\" class=\"elementor-item\" tabindex=\"-1\">ESP - Electric Spur - Beekeeping tool<\/a><\/li>\n<li class=\"menu-item menu-item-type-post_type menu-item-object-page menu-item-1035\"><a href=\"https:\/\/stf-trafo.com\/en\/transformatori-za-din-sinu\/\" class=\"elementor-item\" tabindex=\"-1\">DIN rail transformers<\/a><\/li>\n<li class=\"menu-item menu-item-type-post_type menu-item-object-page menu-item-1390\"><a href=\"https:\/\/stf-trafo.com\/en\/promena-podataka-i-pravne-forme\/\" class=\"elementor-item\" tabindex=\"-1\">Change of data and legal form<\/a><\/li>\n<\/ul>\t\t\t<\/nav>\n\t\t\t\t\t\t<\/div>\n\t\t\t\t<\/div>\n\t\t<div class=\"elementor-element elementor-element-afebcca e-con-full e-flex e-con e-child\" data-id=\"afebcca\" data-element_type=\"container\" data-e-type=\"container\">\n\t\t\t\t<div class=\"elementor-element elementor-element-4c3ff3e elementor-widget elementor-widget-heading\" data-id=\"4c3ff3e\" data-element_type=\"widget\" data-e-type=\"widget\" data-widget_type=\"heading.default\">\n\t\t\t\t\t<h1 class=\"elementor-heading-title elementor-size-default\">ESP - Electric Spur - Beekeeping tool<\/h1>\t\t\t\t<\/div>\n\t\t\t\t<div class=\"elementor-element elementor-element-78817d8 elementor-widget elementor-widget-heading\" data-id=\"78817d8\" data-element_type=\"widget\" data-e-type=\"widget\" data-widget_type=\"heading.default\">\n\t\t\t\t\t<h2 class=\"elementor-heading-title elementor-size-default\"> Electric Spur Wire Embedder - Beekeeping tool<\/h2>\t\t\t\t<\/div>\n\t\t\t\t<div class=\"elementor-element elementor-element-4d216ee elementor-widget elementor-widget-image\" data-id=\"4d216ee\" data-element_type=\"widget\" data-e-type=\"widget\" data-widget_type=\"image.default\">\n\t\t\t\t\t\t\t\t\t\t\t\t\t\t\t<img fetchpriority=\"high\" decoding=\"async\" width=\"500\" height=\"334\" src=\"https:\/\/stf-trafo.com\/wp-content\/uploads\/2023\/10\/shutterstock_59224631.jpg\" class=\"attachment-large size-large wp-image-341\" alt=\"\" srcset=\"https:\/\/stf-trafo.com\/wp-content\/uploads\/2023\/10\/shutterstock_59224631.jpg 500w, https:\/\/stf-trafo.com\/wp-content\/uploads\/2023\/10\/shutterstock_59224631-300x200.jpg 300w, https:\/\/stf-trafo.com\/wp-content\/uploads\/2023\/10\/shutterstock_59224631-18x12.jpg 18w\" sizes=\"(max-width: 500px) 100vw, 500px\" \/>\t\t\t\t\t\t\t\t\t\t\t\t\t\t\t<\/div>\n\t\t\t\t<div class=\"elementor-element elementor-element-a1d875b elementor-widget elementor-widget-text-editor\" data-id=\"a1d875b\" data-element_type=\"widget\" data-e-type=\"widget\" data-widget_type=\"text-editor.default\">\n\t\t\t\t\t\t\t\t\t<p>After several months of testing with the generous help of beekeepers from Nish area, we are pleased to present you a special type of beekeeping tools constructed to help you secure a thin layer of foundation wax into each timber frame - so called Electric Spur Wire Embedder or just ESP.<\/p><p>ESP - Electric Spur Wire Embedder intends to help beekeepers to secure foundation wax into timber frame. When you connect the ESP - Electric Spur to wires, electric current will cause heating wires on the frame, which will slowly melt the wax around the wire and slightly immerse the wire into the foundation wax. This way the foundation wax will placed right without any need for further bonding or pressing. Whole melting process can last 3-8 seconds depends of the number of wires and will save you time and nerves.<\/p><p>ESP - Electric Spur is sealed in special self-extinguishing housing which enables safe operation in harsh conditions, resistant to shocks, humidity and temperature, which will allow smooth operation in all climatic conditions.<\/p><p>Mains power cable, and low voltage cables are of sufficient length to allow for comfortable work with foundations wax and timber frames, and it will therefore enable greater speed and ease in operation.<\/p><p>The device should be powered by standard network 230V ~ with what you design to normal operation in the range (180-243V ~). We can provide ESP - Electric Spur for 115V ~ on request.<\/p>\t\t\t\t\t\t\t\t<\/div>\n\t\t\t\t<div class=\"elementor-element elementor-element-1805ce4 elementor-widget elementor-widget-image\" data-id=\"1805ce4\" data-element_type=\"widget\" data-e-type=\"widget\" data-widget_type=\"image.default\">\n\t\t\t\t\t\t\t\t\t\t\t\t\t\t\t<img decoding=\"async\" width=\"800\" height=\"600\" src=\"https:\/\/stf-trafo.com\/wp-content\/uploads\/2023\/10\/Elektricni20zvrk800x6001.jpg\" class=\"attachment-large size-large wp-image-342\" alt=\"\" srcset=\"https:\/\/stf-trafo.com\/wp-content\/uploads\/2023\/10\/Elektricni20zvrk800x6001.jpg 800w, https:\/\/stf-trafo.com\/wp-content\/uploads\/2023\/10\/Elektricni20zvrk800x6001-600x450.jpg 600w, https:\/\/stf-trafo.com\/wp-content\/uploads\/2023\/10\/Elektricni20zvrk800x6001-300x225.jpg 300w, https:\/\/stf-trafo.com\/wp-content\/uploads\/2023\/10\/Elektricni20zvrk800x6001-768x576.jpg 768w, https:\/\/stf-trafo.com\/wp-content\/uploads\/2023\/10\/Elektricni20zvrk800x6001-16x12.jpg 16w\" sizes=\"(max-width: 800px) 100vw, 800px\" \/>\t\t\t\t\t\t\t\t\t\t\t\t\t\t\t<\/div>\n\t\t\t\t<\/div>\n\t\t\t\t<\/div>\n\t\t\t\t\t<\/div>\n\t\t\t\t<\/div>\n\t\t\t\t<\/div>","protected":false},"excerpt":{"rendered":"<p>Elektri\u010dni \u017evrk Transformator za zatapanje satnih osnova &#8211; Elektri\u010dni \u017evrk Posle vi\u0161e meseci ispitivanja uz nesebi\u010dnu pomo\u0107 p\u010delara iz Ni\u0161a i okoline, imamo zadovoljstvo da vam predstavimo namenski konstruisan transformator za zatapanje satnih osnova u p\u010delarstvu &#8211; tzv. Elektri\u010dni \u017evrk. Elektri\u010dni \u017evrk je namenjen kao pomo\u0107no sredstvo p\u010delarima pri postavljanju satnih osnova na ram. Kada [&hellip;]<\/p>","protected":false},"author":1,"featured_media":0,"parent":0,"menu_order":0,"comment_status":"closed","ping_status":"closed","template":"","meta":{"_acf_changed":false,"footnotes":""},"class_list":["post-339","page","type-page","status-publish","hentry"],"acf":[],"_links":{"self":[{"href":"https:\/\/stf-trafo.com\/en\/wp-json\/wp\/v2\/pages\/339","targetHints":{"allow":["GET"]}}],"collection":[{"href":"https:\/\/stf-trafo.com\/en\/wp-json\/wp\/v2\/pages"}],"about":[{"href":"https:\/\/stf-trafo.com\/en\/wp-json\/wp\/v2\/types\/page"}],"author":[{"embeddable":true,"href":"https:\/\/stf-trafo.com\/en\/wp-json\/wp\/v2\/users\/1"}],"replies":[{"embeddable":true,"href":"https:\/\/stf-trafo.com\/en\/wp-json\/wp\/v2\/comments?post=339"}],"version-history":[{"count":10,"href":"https:\/\/stf-trafo.com\/en\/wp-json\/wp\/v2\/pages\/339\/revisions"}],"predecessor-version":[{"id":1396,"href":"https:\/\/stf-trafo.com\/en\/wp-json\/wp\/v2\/pages\/339\/revisions\/1396"}],"wp:attachment":[{"href":"https:\/\/stf-trafo.com\/en\/wp-json\/wp\/v2\/media?parent=339"}],"curies":[{"name":"wp","href":"https:\/\/api.w.org\/{rel}","templated":true}]}}