{"id":333,"date":"2023-10-11T09:22:25","date_gmt":"2023-10-11T07:22:25","guid":{"rendered":"https:\/\/dmcsrbija.rs\/?page_id=333"},"modified":"2023-10-24T18:42:37","modified_gmt":"2023-10-24T16:42:37","slug":"transformatori-za-din-sinu","status":"publish","type":"page","link":"https:\/\/stf-trafo.com\/en\/transformatori-za-din-sinu\/","title":{"rendered":"DIN rail transformers"},"content":{"rendered":"<div data-elementor-type=\"wp-page\" data-elementor-id=\"333\" class=\"elementor elementor-333\" data-elementor-settings=\"{&quot;element_pack_global_tooltip_width&quot;:{&quot;unit&quot;:&quot;px&quot;,&quot;size&quot;:&quot;&quot;,&quot;sizes&quot;:[]},&quot;element_pack_global_tooltip_width_tablet&quot;:{&quot;unit&quot;:&quot;px&quot;,&quot;size&quot;:&quot;&quot;,&quot;sizes&quot;:[]},&quot;element_pack_global_tooltip_width_mobile&quot;:{&quot;unit&quot;:&quot;px&quot;,&quot;size&quot;:&quot;&quot;,&quot;sizes&quot;:[]},&quot;element_pack_global_tooltip_padding&quot;:{&quot;unit&quot;:&quot;px&quot;,&quot;top&quot;:&quot;&quot;,&quot;right&quot;:&quot;&quot;,&quot;bottom&quot;:&quot;&quot;,&quot;left&quot;:&quot;&quot;,&quot;isLinked&quot;:true},&quot;element_pack_global_tooltip_padding_tablet&quot;:{&quot;unit&quot;:&quot;px&quot;,&quot;top&quot;:&quot;&quot;,&quot;right&quot;:&quot;&quot;,&quot;bottom&quot;:&quot;&quot;,&quot;left&quot;:&quot;&quot;,&quot;isLinked&quot;:true},&quot;element_pack_global_tooltip_padding_mobile&quot;:{&quot;unit&quot;:&quot;px&quot;,&quot;top&quot;:&quot;&quot;,&quot;right&quot;:&quot;&quot;,&quot;bottom&quot;:&quot;&quot;,&quot;left&quot;:&quot;&quot;,&quot;isLinked&quot;:true},&quot;element_pack_global_tooltip_border_radius&quot;:{&quot;unit&quot;:&quot;px&quot;,&quot;top&quot;:&quot;&quot;,&quot;right&quot;:&quot;&quot;,&quot;bottom&quot;:&quot;&quot;,&quot;left&quot;:&quot;&quot;,&quot;isLinked&quot;:true},&quot;element_pack_global_tooltip_border_radius_tablet&quot;:{&quot;unit&quot;:&quot;px&quot;,&quot;top&quot;:&quot;&quot;,&quot;right&quot;:&quot;&quot;,&quot;bottom&quot;:&quot;&quot;,&quot;left&quot;:&quot;&quot;,&quot;isLinked&quot;:true},&quot;element_pack_global_tooltip_border_radius_mobile&quot;:{&quot;unit&quot;:&quot;px&quot;,&quot;top&quot;:&quot;&quot;,&quot;right&quot;:&quot;&quot;,&quot;bottom&quot;:&quot;&quot;,&quot;left&quot;:&quot;&quot;,&quot;isLinked&quot;:true}}\" data-elementor-post-type=\"page\">\n\t\t\t\t<div class=\"elementor-element elementor-element-126d078 e-flex e-con-boxed e-con e-parent\" data-id=\"126d078\" data-element_type=\"container\" data-e-type=\"container\">\n\t\t\t\t\t<div class=\"e-con-inner\">\n\t\t<div class=\"elementor-element elementor-element-62cf396 e-con-full e-flex e-con e-child\" data-id=\"62cf396\" data-element_type=\"container\" data-e-type=\"container\" data-settings=\"{&quot;background_background&quot;:&quot;classic&quot;}\">\n\t\t<div class=\"elementor-element elementor-element-0df67cf e-con-full e-flex e-con e-child\" data-id=\"0df67cf\" data-element_type=\"container\" data-e-type=\"container\">\n\t\t\t\t<div class=\"elementor-element elementor-element-0b34381 elementor-nav-menu__align-start elementor-nav-menu--dropdown-none elementor-hidden-mobile elementor-widget elementor-widget-global elementor-global-1046 elementor-widget-nav-menu\" data-id=\"0b34381\" data-element_type=\"widget\" data-e-type=\"widget\" data-settings=\"{&quot;layout&quot;:&quot;vertical&quot;,&quot;submenu_icon&quot;:{&quot;value&quot;:&quot;fas fa-caret-down&quot;,&quot;library&quot;:&quot;fa-solid&quot;}}\" data-widget_type=\"nav-menu.default\">\n\t\t\t\t\t\t\t\t<nav aria-label=\"Menu\" class=\"elementor-nav-menu--main elementor-nav-menu__container elementor-nav-menu--layout-vertical e--pointer-background e--animation-fade\">\n\t\t\t\t<ul id=\"menu-1-0b34381\" class=\"elementor-nav-menu sm-vertical\"><li class=\"menu-item menu-item-type-post_type menu-item-object-page menu-item-1036\"><a href=\"https:\/\/stf-trafo.com\/en\/kako-do-nas\/\" class=\"elementor-item\">How to find us<\/a><\/li>\n<li class=\"menu-item menu-item-type-post_type menu-item-object-page menu-item-1034\"><a href=\"https:\/\/stf-trafo.com\/en\/elektricni-zvrk\/\" class=\"elementor-item\">ESP - Electric Spur - Beekeeping tool<\/a><\/li>\n<li class=\"menu-item menu-item-type-post_type menu-item-object-page menu-item-1035\"><a href=\"https:\/\/stf-trafo.com\/en\/transformatori-za-din-sinu\/\" class=\"elementor-item\">DIN rail transformers<\/a><\/li>\n<li class=\"menu-item menu-item-type-post_type menu-item-object-page menu-item-1390\"><a href=\"https:\/\/stf-trafo.com\/en\/promena-podataka-i-pravne-forme\/\" class=\"elementor-item\">Change of data and legal form<\/a><\/li>\n<\/ul>\t\t\t<\/nav>\n\t\t\t\t\t\t<nav class=\"elementor-nav-menu--dropdown elementor-nav-menu__container\" aria-hidden=\"true\">\n\t\t\t\t<ul id=\"menu-2-0b34381\" class=\"elementor-nav-menu sm-vertical\"><li class=\"menu-item menu-item-type-post_type menu-item-object-page menu-item-1036\"><a href=\"https:\/\/stf-trafo.com\/en\/kako-do-nas\/\" class=\"elementor-item\" tabindex=\"-1\">How to find us<\/a><\/li>\n<li class=\"menu-item menu-item-type-post_type menu-item-object-page menu-item-1034\"><a href=\"https:\/\/stf-trafo.com\/en\/elektricni-zvrk\/\" class=\"elementor-item\" tabindex=\"-1\">ESP - Electric Spur - Beekeeping tool<\/a><\/li>\n<li class=\"menu-item menu-item-type-post_type menu-item-object-page menu-item-1035\"><a href=\"https:\/\/stf-trafo.com\/en\/transformatori-za-din-sinu\/\" class=\"elementor-item\" tabindex=\"-1\">DIN rail transformers<\/a><\/li>\n<li class=\"menu-item menu-item-type-post_type menu-item-object-page menu-item-1390\"><a href=\"https:\/\/stf-trafo.com\/en\/promena-podataka-i-pravne-forme\/\" class=\"elementor-item\" tabindex=\"-1\">Change of data and legal form<\/a><\/li>\n<\/ul>\t\t\t<\/nav>\n\t\t\t\t\t\t<\/div>\n\t\t\t\t<\/div>\n\t\t<div class=\"elementor-element elementor-element-1bc4c2e e-con-full e-flex e-con e-child\" data-id=\"1bc4c2e\" data-element_type=\"container\" data-e-type=\"container\">\n\t\t\t\t<div class=\"elementor-element elementor-element-36a5f87 elementor-widget elementor-widget-heading\" data-id=\"36a5f87\" data-element_type=\"widget\" data-e-type=\"widget\" data-widget_type=\"heading.default\">\n\t\t\t\t\t<h2 class=\"elementor-heading-title elementor-size-default\">DIN rail transformers<\/h2>\t\t\t\t<\/div>\n\t\t\t\t<div class=\"elementor-element elementor-element-6152dff elementor-widget elementor-widget-image\" data-id=\"6152dff\" data-element_type=\"widget\" data-e-type=\"widget\" data-widget_type=\"image.default\">\n\t\t\t\t\t\t\t\t\t\t\t\t\t\t\t<img fetchpriority=\"high\" decoding=\"async\" width=\"500\" height=\"500\" src=\"https:\/\/stf-trafo.com\/wp-content\/uploads\/2023\/10\/Transformer_-_Model_EU1-1.jpg\" class=\"attachment-large size-large wp-image-335\" alt=\"\" srcset=\"https:\/\/stf-trafo.com\/wp-content\/uploads\/2023\/10\/Transformer_-_Model_EU1-1.jpg 500w, https:\/\/stf-trafo.com\/wp-content\/uploads\/2023\/10\/Transformer_-_Model_EU1-1-300x300.jpg 300w, https:\/\/stf-trafo.com\/wp-content\/uploads\/2023\/10\/Transformer_-_Model_EU1-1-100x100.jpg 100w, https:\/\/stf-trafo.com\/wp-content\/uploads\/2023\/10\/Transformer_-_Model_EU1-1-150x150.jpg 150w, https:\/\/stf-trafo.com\/wp-content\/uploads\/2023\/10\/Transformer_-_Model_EU1-1-12x12.jpg 12w\" sizes=\"(max-width: 500px) 100vw, 500px\" \/>\t\t\t\t\t\t\t\t\t\t\t\t\t\t\t<\/div>\n\t\t\t\t<div class=\"elementor-element elementor-element-2029796 elementor-widget elementor-widget-text-editor\" data-id=\"2029796\" data-element_type=\"widget\" data-e-type=\"widget\" data-widget_type=\"text-editor.default\">\n\t\t\t\t\t\t\t\t\t<div class=\"col-main grid12-8 omega grid-col3-main no-gutter\"><div class=\"category-products\"><p>We are happy to present to you a new model of transformer for DIN rail mounting. In the beginning, we chose to offer three different sizes of transformers with a power of 100VA, 200VA and 300VA. We have marked this model as an EU model and for now we do not operate it with standard input and output voltages. We make this model according to the client's request with voltages and currents according to your needs. Feel free to contact us for more details.<\/p><\/div><\/div>\t\t\t\t\t\t\t\t<\/div>\n\t\t\t\t<\/div>\n\t\t\t\t<\/div>\n\t\t\t\t\t<\/div>\n\t\t\t\t<\/div>\n\t\t\t\t<\/div>","protected":false},"excerpt":{"rendered":"<p>Transformatori za DIN \u0161inu Sre\u0107ni smo \u0161to mo\u017eemo da vam predstavimo nov model transformtora za monta\u017eu na DIN \u0161inu. U startu smo izabrali da ponudimo tri razli\u010dite dimenzije transformatora sa snagom od 100VA, 200VA i 300VA. Ovaj model smo ozna\u010dili kao EU model i za sada ga ne radimo sa standardnim ulaznim i izlaznim naponima. [&hellip;]<\/p>","protected":false},"author":1,"featured_media":0,"parent":0,"menu_order":0,"comment_status":"closed","ping_status":"closed","template":"","meta":{"_acf_changed":false,"footnotes":""},"class_list":["post-333","page","type-page","status-publish","hentry"],"acf":[],"_links":{"self":[{"href":"https:\/\/stf-trafo.com\/en\/wp-json\/wp\/v2\/pages\/333","targetHints":{"allow":["GET"]}}],"collection":[{"href":"https:\/\/stf-trafo.com\/en\/wp-json\/wp\/v2\/pages"}],"about":[{"href":"https:\/\/stf-trafo.com\/en\/wp-json\/wp\/v2\/types\/page"}],"author":[{"embeddable":true,"href":"https:\/\/stf-trafo.com\/en\/wp-json\/wp\/v2\/users\/1"}],"replies":[{"embeddable":true,"href":"https:\/\/stf-trafo.com\/en\/wp-json\/wp\/v2\/comments?post=333"}],"version-history":[{"count":16,"href":"https:\/\/stf-trafo.com\/en\/wp-json\/wp\/v2\/pages\/333\/revisions"}],"predecessor-version":[{"id":1393,"href":"https:\/\/stf-trafo.com\/en\/wp-json\/wp\/v2\/pages\/333\/revisions\/1393"}],"wp:attachment":[{"href":"https:\/\/stf-trafo.com\/en\/wp-json\/wp\/v2\/media?parent=333"}],"curies":[{"name":"wp","href":"https:\/\/api.w.org\/{rel}","templated":true}]}}