{"id":17,"date":"2023-10-06T21:03:19","date_gmt":"2023-10-06T19:03:19","guid":{"rendered":"https:\/\/dmcsrbija.rs\/?page_id=17"},"modified":"2026-02-17T13:11:44","modified_gmt":"2026-02-17T11:11:44","slug":"naslovna","status":"publish","type":"page","link":"https:\/\/stf-trafo.com\/en\/","title":{"rendered":"Home"},"content":{"rendered":"<div data-elementor-type=\"wp-page\" data-elementor-id=\"17\" class=\"elementor elementor-17\" data-elementor-settings=\"{&quot;element_pack_global_tooltip_width&quot;:{&quot;unit&quot;:&quot;px&quot;,&quot;size&quot;:&quot;&quot;,&quot;sizes&quot;:[]},&quot;element_pack_global_tooltip_width_tablet&quot;:{&quot;unit&quot;:&quot;px&quot;,&quot;size&quot;:&quot;&quot;,&quot;sizes&quot;:[]},&quot;element_pack_global_tooltip_width_mobile&quot;:{&quot;unit&quot;:&quot;px&quot;,&quot;size&quot;:&quot;&quot;,&quot;sizes&quot;:[]},&quot;element_pack_global_tooltip_padding&quot;:{&quot;unit&quot;:&quot;px&quot;,&quot;top&quot;:&quot;&quot;,&quot;right&quot;:&quot;&quot;,&quot;bottom&quot;:&quot;&quot;,&quot;left&quot;:&quot;&quot;,&quot;isLinked&quot;:true},&quot;element_pack_global_tooltip_padding_tablet&quot;:{&quot;unit&quot;:&quot;px&quot;,&quot;top&quot;:&quot;&quot;,&quot;right&quot;:&quot;&quot;,&quot;bottom&quot;:&quot;&quot;,&quot;left&quot;:&quot;&quot;,&quot;isLinked&quot;:true},&quot;element_pack_global_tooltip_padding_mobile&quot;:{&quot;unit&quot;:&quot;px&quot;,&quot;top&quot;:&quot;&quot;,&quot;right&quot;:&quot;&quot;,&quot;bottom&quot;:&quot;&quot;,&quot;left&quot;:&quot;&quot;,&quot;isLinked&quot;:true},&quot;element_pack_global_tooltip_border_radius&quot;:{&quot;unit&quot;:&quot;px&quot;,&quot;top&quot;:&quot;&quot;,&quot;right&quot;:&quot;&quot;,&quot;bottom&quot;:&quot;&quot;,&quot;left&quot;:&quot;&quot;,&quot;isLinked&quot;:true},&quot;element_pack_global_tooltip_border_radius_tablet&quot;:{&quot;unit&quot;:&quot;px&quot;,&quot;top&quot;:&quot;&quot;,&quot;right&quot;:&quot;&quot;,&quot;bottom&quot;:&quot;&quot;,&quot;left&quot;:&quot;&quot;,&quot;isLinked&quot;:true},&quot;element_pack_global_tooltip_border_radius_mobile&quot;:{&quot;unit&quot;:&quot;px&quot;,&quot;top&quot;:&quot;&quot;,&quot;right&quot;:&quot;&quot;,&quot;bottom&quot;:&quot;&quot;,&quot;left&quot;:&quot;&quot;,&quot;isLinked&quot;:true}}\" data-elementor-post-type=\"page\">\n\t\t\t\t<div class=\"elementor-element elementor-element-73513cb e-flex e-con-boxed e-con e-parent\" data-id=\"73513cb\" data-element_type=\"container\" data-e-type=\"container\">\n\t\t\t\t\t<div class=\"e-con-inner\">\n\t\t<div class=\"elementor-element elementor-element-57093bd e-con-full e-flex e-con e-child\" data-id=\"57093bd\" data-element_type=\"container\" data-e-type=\"container\" data-settings=\"{&quot;background_background&quot;:&quot;classic&quot;}\">\n\t\t\t\t<div class=\"elementor-element elementor-element-655e205 bdt-navigation-type-both elementor-mobile-align-center elementor-widget-mobile__width-auto elementor-tablet-align-center elementor-widget__width-inherit elementor-align-center elementor-widget elementor-widget-bdt-slider\" data-id=\"655e205\" data-element_type=\"widget\" data-e-type=\"widget\" data-widget_type=\"bdt-slider.default\">\n\t\t\t\t\t\t\t<div id=\"bdt-slider-655e205\" class=\"bdt-slider bdt-arrows-dots-align-bottom-right\" data-settings=\"{&quot;autoplay&quot;:{&quot;delay&quot;:8000},&quot;loop&quot;:true,&quot;speed&quot;:500,&quot;pauseOnHover&quot;:true,&quot;effect&quot;:&quot;slide&quot;,&quot;fadeEffect&quot;:{&quot;crossFade&quot;:true},&quot;navigation&quot;:{&quot;nextEl&quot;:&quot;#bdt-slider-655e205 .bdt-navigation-next&quot;,&quot;prevEl&quot;:&quot;#bdt-slider-655e205 .bdt-navigation-prev&quot;},&quot;pagination&quot;:{&quot;el&quot;:&quot;#bdt-slider-655e205 .swiper-pagination&quot;,&quot;type&quot;:&quot;bullets&quot;,&quot;clickable&quot;:&quot;true&quot;,&quot;dynamicBullets&quot;:false},&quot;scrollbar&quot;:{&quot;el&quot;:&quot;#bdt-slider-655e205 .swiper-scrollbar&quot;,&quot;hide&quot;:&quot;true&quot;}}\">\n\t\t\t<div class=\"swiper-carousel swiper\" role=\"region\" aria-roledescription=\"carousel\" aria-label=\"Slider\" dir=\"ltr\">\n\t\t\t\t\t\t<div class=\"swiper-wrapper\">\n\t\t\t\t\t<div class=\"bdt-slide-item swiper-slide bdt-slide-effect-left\">\n\n\t\t\t\t\n\t\t\t\t\t\t\t\t\t\t\t<div class=\"bdt-slider-image-wrapper\">\n\t\t\t\t\t\t\t<img fetchpriority=\"high\" decoding=\"async\" width=\"1920\" height=\"600\" src=\"https:\/\/stf-trafo.com\/wp-content\/uploads\/2023\/10\/Glavna1.jpg\" class=\"bdt-cover\" alt=\"Mre\u017eni transformator - Model 2.CKL\" data-bdt-cover=\"1\" srcset=\"https:\/\/stf-trafo.com\/wp-content\/uploads\/2023\/10\/Glavna1.jpg 1920w, https:\/\/stf-trafo.com\/wp-content\/uploads\/2023\/10\/Glavna1-600x188.jpg 600w, https:\/\/stf-trafo.com\/wp-content\/uploads\/2023\/10\/Glavna1-300x94.jpg 300w, https:\/\/stf-trafo.com\/wp-content\/uploads\/2023\/10\/Glavna1-1024x320.jpg 1024w, https:\/\/stf-trafo.com\/wp-content\/uploads\/2023\/10\/Glavna1-768x240.jpg 768w, https:\/\/stf-trafo.com\/wp-content\/uploads\/2023\/10\/Glavna1-1536x480.jpg 1536w\" sizes=\"(max-width: 1920px) 100vw, 1920px\" \/>\t\t\t\t\t\t<\/div>\n\t\t\t\t\t\n\t\t\t\t\t<div class=\"bdt-slide-desc bdt-position-large bdt-position-center-left bdt-position-z-index\">\n\n\t\t\t\t\t\t\t\t\t\t\t\t\t<div class=\"bdt-slide-title bdt-clearfix\">\n\t\t\t\t\t\t\t\tDry type transformers - Model 2.CKL\t\t\t\t\t\t\t<\/div>\n\t\t\t\t\t\t\n\t\t\t\t\t\t\n\t\t\t\t\t\t\t\t\t\t\t<\/div>\n\n\t\t\t\t\n\t\t\t<\/div>\n\t\t\t\t\t\t<div class=\"bdt-slide-item swiper-slide bdt-slide-effect-left\">\n\n\t\t\t\t\n\t\t\t\t\t\t\t\t\t\t\t<div class=\"bdt-slider-image-wrapper\">\n\t\t\t\t\t\t\t<img decoding=\"async\" width=\"1920\" height=\"600\" src=\"https:\/\/stf-trafo.com\/wp-content\/uploads\/2023\/10\/Glavna2.jpg\" class=\"bdt-cover\" alt=\"Posebni tipovi transformatora\" data-bdt-cover=\"1\" srcset=\"https:\/\/stf-trafo.com\/wp-content\/uploads\/2023\/10\/Glavna2.jpg 1920w, https:\/\/stf-trafo.com\/wp-content\/uploads\/2023\/10\/Glavna2-600x188.jpg 600w, https:\/\/stf-trafo.com\/wp-content\/uploads\/2023\/10\/Glavna2-300x94.jpg 300w, https:\/\/stf-trafo.com\/wp-content\/uploads\/2023\/10\/Glavna2-1024x320.jpg 1024w, https:\/\/stf-trafo.com\/wp-content\/uploads\/2023\/10\/Glavna2-768x240.jpg 768w, https:\/\/stf-trafo.com\/wp-content\/uploads\/2023\/10\/Glavna2-1536x480.jpg 1536w\" sizes=\"(max-width: 1920px) 100vw, 1920px\" \/>\t\t\t\t\t\t<\/div>\n\t\t\t\t\t\n\t\t\t\t\t<div class=\"bdt-slide-desc bdt-position-large bdt-position-center-left bdt-position-z-index\">\n\n\t\t\t\t\t\t\t\t\t\t\t\t\t<div class=\"bdt-slide-title bdt-clearfix\">\n\t\t\t\t\t\t\t\tCustom design transformers\t\t\t\t\t\t\t<\/div>\n\t\t\t\t\t\t\n\t\t\t\t\t\t\n\t\t\t\t\t\t\t\t\t\t\t<\/div>\n\n\t\t\t\t\n\t\t\t<\/div>\n\t\t\t\t\t\t<div class=\"bdt-slide-item swiper-slide bdt-slide-effect-left\">\n\n\t\t\t\t\n\t\t\t\t\t\t\t\t\t\t\t<div class=\"bdt-slider-image-wrapper\">\n\t\t\t\t\t\t\t<img decoding=\"async\" width=\"1920\" height=\"600\" src=\"https:\/\/stf-trafo.com\/wp-content\/uploads\/2023\/10\/Glavna4.jpg\" class=\"bdt-cover\" alt=\"Monofazni transformatori\" data-bdt-cover=\"1\" srcset=\"https:\/\/stf-trafo.com\/wp-content\/uploads\/2023\/10\/Glavna4.jpg 1920w, https:\/\/stf-trafo.com\/wp-content\/uploads\/2023\/10\/Glavna4-600x188.jpg 600w, https:\/\/stf-trafo.com\/wp-content\/uploads\/2023\/10\/Glavna4-300x94.jpg 300w, https:\/\/stf-trafo.com\/wp-content\/uploads\/2023\/10\/Glavna4-1024x320.jpg 1024w, https:\/\/stf-trafo.com\/wp-content\/uploads\/2023\/10\/Glavna4-768x240.jpg 768w, https:\/\/stf-trafo.com\/wp-content\/uploads\/2023\/10\/Glavna4-1536x480.jpg 1536w\" sizes=\"(max-width: 1920px) 100vw, 1920px\" \/>\t\t\t\t\t\t<\/div>\n\t\t\t\t\t\n\t\t\t\t\t<div class=\"bdt-slide-desc bdt-position-large bdt-position-center-left bdt-position-z-index\">\n\n\t\t\t\t\t\t\t\t\t\t\t\t\t<div class=\"bdt-slide-title bdt-clearfix\">\n\t\t\t\t\t\t\t\tMonophase transformers UI-tupe\t\t\t\t\t\t\t<\/div>\n\t\t\t\t\t\t\n\t\t\t\t\t\t\n\t\t\t\t\t\t\t\t\t\t\t<\/div>\n\n\t\t\t\t\n\t\t\t<\/div>\n\t\t\t\t\t\t<div class=\"bdt-slide-item swiper-slide bdt-slide-effect-left\">\n\n\t\t\t\t\n\t\t\t\t\t\t\t\t\t\t\t<div class=\"bdt-slider-image-wrapper\">\n\t\t\t\t\t\t\t<img loading=\"lazy\" decoding=\"async\" width=\"1920\" height=\"600\" src=\"https:\/\/stf-trafo.com\/wp-content\/uploads\/2023\/10\/Glavna5.jpg\" class=\"bdt-cover\" alt=\"Transformatori za galvansku za\u0161titu od korozije\" data-bdt-cover=\"1\" srcset=\"https:\/\/stf-trafo.com\/wp-content\/uploads\/2023\/10\/Glavna5.jpg 1920w, https:\/\/stf-trafo.com\/wp-content\/uploads\/2023\/10\/Glavna5-600x188.jpg 600w, https:\/\/stf-trafo.com\/wp-content\/uploads\/2023\/10\/Glavna5-300x94.jpg 300w, https:\/\/stf-trafo.com\/wp-content\/uploads\/2023\/10\/Glavna5-1024x320.jpg 1024w, https:\/\/stf-trafo.com\/wp-content\/uploads\/2023\/10\/Glavna5-768x240.jpg 768w, https:\/\/stf-trafo.com\/wp-content\/uploads\/2023\/10\/Glavna5-1536x480.jpg 1536w\" sizes=\"(max-width: 1920px) 100vw, 1920px\" \/>\t\t\t\t\t\t<\/div>\n\t\t\t\t\t\n\t\t\t\t\t<div class=\"bdt-slide-desc bdt-position-large bdt-position-center-left bdt-position-z-index\">\n\n\t\t\t\t\t\t\t\t\t\t\t\t\t<div class=\"bdt-slide-title bdt-clearfix\">\n\t\t\t\t\t\t\t\tTransformers for Galvanic corrosion protection\t\t\t\t\t\t\t<\/div>\n\t\t\t\t\t\t\n\t\t\t\t\t\t\n\t\t\t\t\t\t\t\t\t\t\t<\/div>\n\n\t\t\t\t\n\t\t\t<\/div>\n\t\t\t\t\t\t<div class=\"bdt-slide-item swiper-slide bdt-slide-effect-left\">\n\n\t\t\t\t\n\t\t\t\t\t\t\t\t\t\t\t<div class=\"bdt-slider-image-wrapper\">\n\t\t\t\t\t\t\t<img loading=\"lazy\" decoding=\"async\" width=\"1920\" height=\"600\" src=\"https:\/\/stf-trafo.com\/wp-content\/uploads\/2023\/10\/Glavna8.jpg\" class=\"bdt-cover\" alt=\"Inkapsulirani transformatori\" data-bdt-cover=\"1\" srcset=\"https:\/\/stf-trafo.com\/wp-content\/uploads\/2023\/10\/Glavna8.jpg 1920w, https:\/\/stf-trafo.com\/wp-content\/uploads\/2023\/10\/Glavna8-600x188.jpg 600w, https:\/\/stf-trafo.com\/wp-content\/uploads\/2023\/10\/Glavna8-300x94.jpg 300w, https:\/\/stf-trafo.com\/wp-content\/uploads\/2023\/10\/Glavna8-1024x320.jpg 1024w, https:\/\/stf-trafo.com\/wp-content\/uploads\/2023\/10\/Glavna8-768x240.jpg 768w, https:\/\/stf-trafo.com\/wp-content\/uploads\/2023\/10\/Glavna8-1536x480.jpg 1536w\" sizes=\"(max-width: 1920px) 100vw, 1920px\" \/>\t\t\t\t\t\t<\/div>\n\t\t\t\t\t\n\t\t\t\t\t<div class=\"bdt-slide-desc bdt-position-large bdt-position-center-left bdt-position-z-index\">\n\n\t\t\t\t\t\t\t\t\t\t\t\t\t<div class=\"bdt-slide-title bdt-clearfix\">\n\t\t\t\t\t\t\t\tEncapsulated transformers\t\t\t\t\t\t\t<\/div>\n\t\t\t\t\t\t\n\t\t\t\t\t\t\n\t\t\t\t\t\t\t\t\t\t\t<\/div>\n\n\t\t\t\t\n\t\t\t<\/div>\n\t\t\t\t\t\t<div class=\"bdt-slide-item swiper-slide bdt-slide-effect-left\">\n\n\t\t\t\t\n\t\t\t\t\t\t\t\t\t\t\t<div class=\"bdt-slider-image-wrapper\">\n\t\t\t\t\t\t\t<img loading=\"lazy\" decoding=\"async\" width=\"1920\" height=\"600\" src=\"https:\/\/stf-trafo.com\/wp-content\/uploads\/2023\/10\/Glavna9.jpg\" class=\"bdt-cover\" alt=\"Inkapsulirani transformatori posebne namene\" data-bdt-cover=\"1\" srcset=\"https:\/\/stf-trafo.com\/wp-content\/uploads\/2023\/10\/Glavna9.jpg 1920w, https:\/\/stf-trafo.com\/wp-content\/uploads\/2023\/10\/Glavna9-600x188.jpg 600w, https:\/\/stf-trafo.com\/wp-content\/uploads\/2023\/10\/Glavna9-300x94.jpg 300w, https:\/\/stf-trafo.com\/wp-content\/uploads\/2023\/10\/Glavna9-1024x320.jpg 1024w, https:\/\/stf-trafo.com\/wp-content\/uploads\/2023\/10\/Glavna9-768x240.jpg 768w, https:\/\/stf-trafo.com\/wp-content\/uploads\/2023\/10\/Glavna9-1536x480.jpg 1536w\" sizes=\"(max-width: 1920px) 100vw, 1920px\" \/>\t\t\t\t\t\t<\/div>\n\t\t\t\t\t\n\t\t\t\t\t<div class=\"bdt-slide-desc bdt-position-large bdt-position-center-left bdt-position-z-index\">\n\n\t\t\t\t\t\t\t\t\t\t\t\t\t<div class=\"bdt-slide-title bdt-clearfix\">\n\t\t\t\t\t\t\t\tCustom design encapsulated transformers\t\t\t\t\t\t\t<\/div>\n\t\t\t\t\t\t\n\t\t\t\t\t\t\n\t\t\t\t\t\t\t\t\t\t\t<\/div>\n\n\t\t\t\t\n\t\t\t<\/div>\n\t\t\t\t\t<\/div>\n\t\t\t\t<\/div>\n\n\t\t\t\t<div class=\"bdt-position-z-index bdt-position-bottom-right\">\n\t\t\t<div class=\"bdt-arrows-dots-container bdt-slidenav-container\">\n\n\t\t\t\t<div class=\"bdt-flex bdt-flex-middle\">\n\t\t\t\t\t<div class=\"bdt-visible@m\">\n\t\t\t\t\t\t<a href=\"\" class=\"bdt-navigation-prev bdt-slidenav-previous bdt-icon bdt-slidenav\">\n\t\t\t\t\t\t\t<i class=\"ep-icon-arrow-left-1\" aria-hidden=\"true\"><\/i>\n\t\t\t\t\t\t<\/a>\n\t\t\t\t\t<\/div>\n\n\t\t\t\t\t\t\t\t\t\t\t<div class=\"swiper-pagination\"><\/div>\n\t\t\t\t\t\n\t\t\t\t\t<div class=\"bdt-visible@m\">\n\t\t\t\t\t\t<a href=\"\" class=\"bdt-navigation-next bdt-slidenav-next bdt-icon bdt-slidenav\">\n\t\t\t\t\t\t\t<i class=\"ep-icon-arrow-right-1\" aria-hidden=\"true\"><\/i>\n\t\t\t\t\t\t<\/a>\n\t\t\t\t\t<\/div>\n\n\t\t\t\t<\/div>\n\t\t\t<\/div>\n\t\t<\/div>\n\t\t\t\t<\/div>\n\t\t\t\t\t\t<\/div>\n\t\t\t\t<\/div>\n\t\t<div class=\"elementor-element elementor-element-cbd13cf e-con-full e-flex e-con e-child\" data-id=\"cbd13cf\" data-element_type=\"container\" data-e-type=\"container\" data-settings=\"{&quot;background_background&quot;:&quot;classic&quot;}\">\n\t\t<div class=\"elementor-element elementor-element-b979008 e-con-full e-flex e-con e-child\" data-id=\"b979008\" data-element_type=\"container\" data-e-type=\"container\">\n\t\t\t\t<div class=\"elementor-element elementor-element-72e3be4 elementor-view-stacked elementor-shape-circle elementor-position-block-start elementor-mobile-position-block-start elementor-widget elementor-widget-icon-box\" data-id=\"72e3be4\" data-element_type=\"widget\" data-e-type=\"widget\" data-widget_type=\"icon-box.default\">\n\t\t\t\t\t\t\t<div class=\"elementor-icon-box-wrapper\">\n\n\t\t\t\t\t\t<div class=\"elementor-icon-box-icon\">\n\t\t\t\t<a href=\"https:\/\/stf-trafo.com\/en\/kako-do-nas\/\" class=\"elementor-icon\" tabindex=\"-1\" aria-label=\"How to find us\">\n\t\t\t\t<svg aria-hidden=\"true\" class=\"e-font-icon-svg e-fas-bars\" viewbox=\"0 0 448 512\" xmlns=\"http:\/\/www.w3.org\/2000\/svg\"><path d=\"M16 132h416c8.837 0 16-7.163 16-16V76c0-8.837-7.163-16-16-16H16C7.163 60 0 67.163 0 76v40c0 8.837 7.163 16 16 16zm0 160h416c8.837 0 16-7.163 16-16v-40c0-8.837-7.163-16-16-16H16c-8.837 0-16 7.163-16 16v40c0 8.837 7.163 16 16 16zm0 160h416c8.837 0 16-7.163 16-16v-40c0-8.837-7.163-16-16-16H16c-8.837 0-16 7.163-16 16v40c0 8.837 7.163 16 16 16z\"><\/path><\/svg>\t\t\t\t<\/a>\n\t\t\t<\/div>\n\t\t\t\n\t\t\t\t\t\t<div class=\"elementor-icon-box-content\">\n\n\t\t\t\t\t\t\t\t\t<h3 class=\"elementor-icon-box-title\">\n\t\t\t\t\t\t<a href=\"https:\/\/stf-trafo.com\/en\/kako-do-nas\/\" >\n\t\t\t\t\t\t\tHow to find us\t\t\t\t\t\t<\/a>\n\t\t\t\t\t<\/h3>\n\t\t\t\t\n\t\t\t\t\t\t\t\t\t<p class=\"elementor-icon-box-description\">\n\t\t\t\t\t\t10.02.2017.\t\t\t\t\t<\/p>\n\t\t\t\t\n\t\t\t<\/div>\n\t\t\t\n\t\t<\/div>\n\t\t\t\t\t\t<\/div>\n\t\t\t\t<\/div>\n\t\t<div class=\"elementor-element elementor-element-8413a55 e-con-full e-flex e-con e-child\" data-id=\"8413a55\" data-element_type=\"container\" data-e-type=\"container\">\n\t\t\t\t<div class=\"elementor-element elementor-element-1541ffe elementor-view-stacked elementor-shape-circle elementor-position-block-start elementor-mobile-position-block-start elementor-widget elementor-widget-icon-box\" data-id=\"1541ffe\" data-element_type=\"widget\" data-e-type=\"widget\" data-widget_type=\"icon-box.default\">\n\t\t\t\t\t\t\t<div class=\"elementor-icon-box-wrapper\">\n\n\t\t\t\t\t\t<div class=\"elementor-icon-box-icon\">\n\t\t\t\t<a href=\"https:\/\/stf-trafo.com\/en\/transformatori-za-din-sinu\/\" class=\"elementor-icon\" tabindex=\"-1\" aria-label=\"DIN rail transformers\">\n\t\t\t\t<svg aria-hidden=\"true\" class=\"e-font-icon-svg e-fas-bars\" viewbox=\"0 0 448 512\" xmlns=\"http:\/\/www.w3.org\/2000\/svg\"><path d=\"M16 132h416c8.837 0 16-7.163 16-16V76c0-8.837-7.163-16-16-16H16C7.163 60 0 67.163 0 76v40c0 8.837 7.163 16 16 16zm0 160h416c8.837 0 16-7.163 16-16v-40c0-8.837-7.163-16-16-16H16c-8.837 0-16 7.163-16 16v40c0 8.837 7.163 16 16 16zm0 160h416c8.837 0 16-7.163 16-16v-40c0-8.837-7.163-16-16-16H16c-8.837 0-16 7.163-16 16v40c0 8.837 7.163 16 16 16z\"><\/path><\/svg>\t\t\t\t<\/a>\n\t\t\t<\/div>\n\t\t\t\n\t\t\t\t\t\t<div class=\"elementor-icon-box-content\">\n\n\t\t\t\t\t\t\t\t\t<h3 class=\"elementor-icon-box-title\">\n\t\t\t\t\t\t<a href=\"https:\/\/stf-trafo.com\/en\/transformatori-za-din-sinu\/\" >\n\t\t\t\t\t\t\tDIN rail transformers\t\t\t\t\t\t<\/a>\n\t\t\t\t\t<\/h3>\n\t\t\t\t\n\t\t\t\t\t\t\t\t\t<p class=\"elementor-icon-box-description\">\n\t\t\t\t\t\t20.10.2016.\t\t\t\t\t<\/p>\n\t\t\t\t\n\t\t\t<\/div>\n\t\t\t\n\t\t<\/div>\n\t\t\t\t\t\t<\/div>\n\t\t\t\t<\/div>\n\t\t<div class=\"elementor-element elementor-element-e2f3c10 e-con-full e-flex e-con e-child\" data-id=\"e2f3c10\" data-element_type=\"container\" data-e-type=\"container\">\n\t\t\t\t<div class=\"elementor-element elementor-element-ddb95f9 elementor-view-stacked elementor-shape-circle elementor-position-block-start elementor-mobile-position-block-start elementor-widget elementor-widget-icon-box\" data-id=\"ddb95f9\" data-element_type=\"widget\" data-e-type=\"widget\" data-widget_type=\"icon-box.default\">\n\t\t\t\t\t\t\t<div class=\"elementor-icon-box-wrapper\">\n\n\t\t\t\t\t\t<div class=\"elementor-icon-box-icon\">\n\t\t\t\t<a href=\"https:\/\/stf-trafo.com\/en\/elektricni-zvrk\/\" class=\"elementor-icon\" tabindex=\"-1\" aria-label=\"ESP - Electric Spur - Beekeeping tool\">\n\t\t\t\t<svg aria-hidden=\"true\" class=\"e-font-icon-svg e-fas-bars\" viewbox=\"0 0 448 512\" xmlns=\"http:\/\/www.w3.org\/2000\/svg\"><path d=\"M16 132h416c8.837 0 16-7.163 16-16V76c0-8.837-7.163-16-16-16H16C7.163 60 0 67.163 0 76v40c0 8.837 7.163 16 16 16zm0 160h416c8.837 0 16-7.163 16-16v-40c0-8.837-7.163-16-16-16H16c-8.837 0-16 7.163-16 16v40c0 8.837 7.163 16 16 16zm0 160h416c8.837 0 16-7.163 16-16v-40c0-8.837-7.163-16-16-16H16c-8.837 0-16 7.163-16 16v40c0 8.837 7.163 16 16 16z\"><\/path><\/svg>\t\t\t\t<\/a>\n\t\t\t<\/div>\n\t\t\t\n\t\t\t\t\t\t<div class=\"elementor-icon-box-content\">\n\n\t\t\t\t\t\t\t\t\t<h3 class=\"elementor-icon-box-title\">\n\t\t\t\t\t\t<a href=\"https:\/\/stf-trafo.com\/en\/elektricni-zvrk\/\" >\n\t\t\t\t\t\t\tESP - Electric Spur - Beekeeping tool\t\t\t\t\t\t<\/a>\n\t\t\t\t\t<\/h3>\n\t\t\t\t\n\t\t\t\t\t\t\t\t\t<p class=\"elementor-icon-box-description\">\n\t\t\t\t\t\t15.10.2016..\t\t\t\t\t<\/p>\n\t\t\t\t\n\t\t\t<\/div>\n\t\t\t\n\t\t<\/div>\n\t\t\t\t\t\t<\/div>\n\t\t\t\t<\/div>\n\t\t<div class=\"elementor-element elementor-element-a3ec991 e-con-full e-flex e-con e-child\" data-id=\"a3ec991\" data-element_type=\"container\" data-e-type=\"container\">\n\t\t\t\t<div class=\"elementor-element elementor-element-8a6e848 elementor-view-stacked elementor-shape-circle elementor-position-block-start elementor-mobile-position-block-start elementor-widget elementor-widget-icon-box\" data-id=\"8a6e848\" data-element_type=\"widget\" data-e-type=\"widget\" data-no-translation=\"\" data-widget_type=\"icon-box.default\">\n\t\t\t\t\t<style>.elementor-element-8a6e848{display:none !important}<\/style>\t\t\t\t<\/div>\n\t\t\t\t<\/div>\n\t\t\t\t<\/div>\n\t\t<div class=\"elementor-element elementor-element-099a49e e-con-full e-flex e-con e-child\" data-id=\"099a49e\" data-element_type=\"container\" data-e-type=\"container\" data-settings=\"{&quot;background_background&quot;:&quot;classic&quot;}\">\n\t\t<div class=\"elementor-element elementor-element-ba3cc36 e-con-full e-flex e-con e-child\" data-id=\"ba3cc36\" data-element_type=\"container\" data-e-type=\"container\">\n\t\t\t\t<div class=\"elementor-element elementor-element-f3bc619 elementor-widget elementor-widget-image\" data-id=\"f3bc619\" data-element_type=\"widget\" data-e-type=\"widget\" data-widget_type=\"image.default\">\n\t\t\t\t\t\t\t\t\t\t\t\t\t\t\t<img loading=\"lazy\" decoding=\"async\" width=\"282\" height=\"143\" src=\"https:\/\/stf-trafo.com\/wp-content\/uploads\/2023\/10\/Placanje.jpg\" class=\"attachment-large size-large wp-image-109\" alt=\"\" \/>\t\t\t\t\t\t\t\t\t\t\t\t\t\t\t<\/div>\n\t\t\t\t<\/div>\n\t\t<div class=\"elementor-element elementor-element-4604827 e-con-full e-flex e-con e-child\" data-id=\"4604827\" data-element_type=\"container\" data-e-type=\"container\">\n\t\t\t\t<div class=\"elementor-element elementor-element-8ea63eb elementor-widget elementor-widget-image\" data-id=\"8ea63eb\" data-element_type=\"widget\" data-e-type=\"widget\" data-widget_type=\"image.default\">\n\t\t\t\t\t\t\t\t\t\t\t\t\t\t\t<img loading=\"lazy\" decoding=\"async\" width=\"282\" height=\"143\" src=\"https:\/\/stf-trafo.com\/wp-content\/uploads\/2023\/10\/Isporuka.jpg\" class=\"attachment-large size-large wp-image-110\" alt=\"\" \/>\t\t\t\t\t\t\t\t\t\t\t\t\t\t\t<\/div>\n\t\t\t\t<\/div>\n\t\t<div class=\"elementor-element elementor-element-55f9d1c e-con-full e-flex e-con e-child\" data-id=\"55f9d1c\" data-element_type=\"container\" data-e-type=\"container\">\n\t\t\t\t<div class=\"elementor-element elementor-element-3453591 elementor-widget elementor-widget-image\" data-id=\"3453591\" data-element_type=\"widget\" data-e-type=\"widget\" data-widget_type=\"image.default\">\n\t\t\t\t\t\t\t\t\t\t\t\t\t\t\t<img loading=\"lazy\" decoding=\"async\" width=\"282\" height=\"143\" src=\"https:\/\/stf-trafo.com\/wp-content\/uploads\/2023\/10\/Dizajn.jpg\" class=\"attachment-large size-large wp-image-111\" alt=\"\" \/>\t\t\t\t\t\t\t\t\t\t\t\t\t\t\t<\/div>\n\t\t\t\t<\/div>\n\t\t\t\t<\/div>\n\t\t\t\t\t<\/div>\n\t\t\t\t<\/div>\n\t\t\t\t<\/div>","protected":false},"excerpt":{"rendered":"<p>Mre\u017eni transformator &#8211; Model 2.CKL Posebni tipovi transformatora Monofazni transformatori Transformatori za galvansku za\u0161titu od korozije Inkapsulirani transformatori Inkapsulirani transformatori posebne namene Kako do nas 10.02.2017. Transformatori za DIN \u0161inu 20.10.2016. Elektri\u010dni \u017evrk 15.10.2016.. Promena podataka i pravne forme 15.10.2016..<\/p>","protected":false},"author":1,"featured_media":0,"parent":0,"menu_order":0,"comment_status":"closed","ping_status":"closed","template":"","meta":{"_acf_changed":false,"footnotes":""},"class_list":["post-17","page","type-page","status-publish","hentry"],"acf":[],"_links":{"self":[{"href":"https:\/\/stf-trafo.com\/en\/wp-json\/wp\/v2\/pages\/17","targetHints":{"allow":["GET"]}}],"collection":[{"href":"https:\/\/stf-trafo.com\/en\/wp-json\/wp\/v2\/pages"}],"about":[{"href":"https:\/\/stf-trafo.com\/en\/wp-json\/wp\/v2\/types\/page"}],"author":[{"embeddable":true,"href":"https:\/\/stf-trafo.com\/en\/wp-json\/wp\/v2\/users\/1"}],"replies":[{"embeddable":true,"href":"https:\/\/stf-trafo.com\/en\/wp-json\/wp\/v2\/comments?post=17"}],"version-history":[{"count":232,"href":"https:\/\/stf-trafo.com\/en\/wp-json\/wp\/v2\/pages\/17\/revisions"}],"predecessor-version":[{"id":1530,"href":"https:\/\/stf-trafo.com\/en\/wp-json\/wp\/v2\/pages\/17\/revisions\/1530"}],"wp:attachment":[{"href":"https:\/\/stf-trafo.com\/en\/wp-json\/wp\/v2\/media?parent=17"}],"curies":[{"name":"wp","href":"https:\/\/api.w.org\/{rel}","templated":true}]}}